{"id":3,"date":"2026-01-10T11:16:38","date_gmt":"2026-01-10T11:16:38","guid":{"rendered":"http:\/\/hoplan.gg\/?page_id=3"},"modified":"2026-01-31T15:07:41","modified_gmt":"2026-01-31T14:07:41","slug":"mentions-legales","status":"publish","type":"page","link":"https:\/\/hoplan.gg\/en\/mentions-legales\/","title":{"rendered":"LEGAL MENTIONS"},"content":{"rendered":"<div data-elementor-type=\"wp-page\" data-elementor-id=\"3\" class=\"elementor elementor-3\">\n\t\t\t\t<div class=\"elementor-element elementor-element-3acad9f7 e-flex e-con-boxed e-con e-parent\" data-id=\"3acad9f7\" data-element_type=\"container\">\n\t\t\t\t\t<div class=\"e-con-inner\">\n\t\t\t\t<div class=\"elementor-element elementor-element-66c7d11e elementor-widget elementor-widget-text-editor\" data-id=\"66c7d11e\" data-element_type=\"widget\" data-widget_type=\"text-editor.default\">\n\t\t\t\t\t\t\t\t\t<p><\/p>\n<p><\/p>\n<p><br><\/p><p><br><\/p><p>Hoplan.gg et HopLan sont des marques associ\u00e9es et g\u00e9r\u00e9es par la soci\u00e9t\u00e9 suivante&nbsp;:<\/p>\n<p>Alsace Esport Arena<br>9 rue la fayette 67100 Strasbourg<\/p>\n<p>SARL au capital de 5000\u20ac<\/p>\n<p>RCS STRASBOURG : 833837073<\/p>\n<p>SIRET : 878 868 850 00024<\/p>\n<p>APE : 9329Z<\/p>\n<p>Responsable de la publication du site: NAEGELEN Quentin, Elio BAUMANN<\/p>\n<p>&nbsp;La pr\u00e9sente constitue la d\u00e9claration de confidentialit\u00e9 de L\u2019Alsace Esport Arena.&nbsp;<strong>Alsace Esport Arena&nbsp;(sigle AEA)&nbsp;<\/strong>: soci\u00e9t\u00e9 \u00e0 responsabilit\u00e9s limit\u00e9es au capital de 5000 euros, dont le si\u00e8ge social se situe 9 rue la fayette, 67100 Strasbourg, immatricul\u00e9e au Registre du Commerce et des Soci\u00e9t\u00e9s de Strasbourg sous le num\u00e9ro 878 868 850.<\/p>\n<p><strong>Pourquoi cette d\u00e9claration de confidentialit\u00e9 ?<\/strong><br>Si vous \u00eates membre \u00e0 L\u2019Alsace Esport Arena, souhaitez souscrire un abonnement L\u2019Alsace Esport Arena, souhaitez acheter des heures de gaming, si vous visitez notre site internet par int\u00e9r\u00eat, utilisez notre application ou r\u00e9pondez \u00e0 nos publications sur les r\u00e9seaux sociaux, nous avons besoin de certaines donn\u00e9es personnelles vous concernant. Nous voulons \u00eatre transparents sur le traitement de vos donn\u00e9es personnelles par L\u2019Alsace Esport Arena, d\u2019o\u00f9 cette d\u00e9claration de confidentialit\u00e9.<br>L\u2019Alsace Esport Arena traite vos donn\u00e9es personnelles avec le plus grand soin et respecte les lois et r\u00e8glements en mati\u00e8re de protection des donn\u00e9es personnelles, comme le R\u00e8glement g\u00e9n\u00e9ral sur la protection des donn\u00e9es (RGPD).<\/p>\n<p>Nous avons r\u00e9pertori\u00e9 ci-dessous pour vous les donn\u00e9es que nous traitons, les bases l\u00e9gal utilis\u00e9es, les raisons pour lesquelles nous le faisons et comment nous traitons vos donn\u00e9es \u00e0 caract\u00e8re personnel. En outre, nous vous expliquons comment vous pouvez influencer le traitement de vos donn\u00e9es \u00e0 caract\u00e8re personnel par L\u2019Alsace Esport Arena.<\/p>\n<p><strong>Quelles donn\u00e9es \u00e0 caract\u00e8re personnel traitons-nous ?<\/strong><br>L\u2019Alsace Esport Arena traite des donn\u00e9es \u00e0 caract\u00e8re personnel. Selon le RGPD, les donn\u00e9es \u00e0 caract\u00e8re personnel sont \u00ab toute information concernant une personne physique identifi\u00e9e ou identifiable \u00bb. Il s\u2019agit de toutes les informations qui ram\u00e8nent directement ou indirectement \u00e0 votre personne.<\/p>\n<p>Nous recevons les donn\u00e9es directement de votre part, lorsque vous vous inscrivez \u00e0 L\u2019Alsace Esport Arena, lorsque que vous visitez le site Web ou bien lorsque vous nous contactez via les r\u00e9seaux sociaux.<\/p>\n<p><strong>Donn\u00e9es de nos membres<\/strong><br>Lorsque vous souscrivez \u00e0 L\u2019Alsace Esport Arena, nous traitons en tout \u00e9tat de cause vos nom, adresse, lieu de r\u00e9sidence, num\u00e9ro de t\u00e9l\u00e9phone, adresse \u00e9lectronique, num\u00e9ro de compte bancaire, sexe et date de naissance.<\/p>\n<p>M\u00eame si vous avez d\u00e9j\u00e0 un abonnement \u00e0 L\u2019Alsace Esport Arena, nous continuerons \u00e0 traiter ce type de donn\u00e9es \u00e0 caract\u00e8re personnel vous concernant. En cas d\u2019utilisation des services de L\u2019Alsace Esport Arena, en fonction des services achet\u00e9s, les donn\u00e9es personnelles suivantes sont \u00e9galement trait\u00e9es : num\u00e9ro de membre, login d\u2019acc\u00e8s, pseudo, canal par lequel vous \u00eates devenu membre, visite d\u2019inscription du club, type d\u2019abonnement, nombre d\u2019heures achet\u00e9es,&nbsp; suppl\u00e9ments souscrits, profil esportif si l\u2019enqu\u00eate a \u00e9t\u00e9 compl\u00e9t\u00e9e, toute information que vous avez pu fournir \u00e0 notre service Clients, votre \u00e9tat financier avec L\u2019Alsace Esport Arena (services et produits achet\u00e9s et s\u2019ils ont \u00e9t\u00e9 pay\u00e9s ou non), tout score NPS si vous avez particip\u00e9 \u00e0 une enqu\u00eate de satisfaction des membres.<\/p>\n<p>Enfin, Nous avons des cam\u00e9ras au sein du club. Il est donc possible que vous soyez film\u00e9 par ce syst\u00e8me de vid\u00e9osurveillance. Aucune cam\u00e9ra n\u2019est install\u00e9e dans les toilettes et la salle bootcamp et nous ne visionnons et conservons les images que si cela est n\u00e9cessaire et pour une dur\u00e9e limit\u00e9e. Nous utilisons la vid\u00e9osurveillance pour assurer le contr\u00f4le de l\u2019acc\u00e8s ainsi que la s\u00e9curit\u00e9 des biens et des personnes pr\u00e9sentes dans le club.<\/p>\n<p><strong>Web ou au sein de nos clubs.<\/strong><\/p>\n<p><em>Donn\u00e9es des visiteurs de notre site internet<\/em><br>Les donn\u00e9es \u00e0 caract\u00e8re personnel des visiteurs de notre site internet sont \u00e9galement trait\u00e9es. Il s\u2019agit des donn\u00e9es personnelles que vous compl\u00e9tez vous-m\u00eame, entre autres, sur la page de contact ou dans la boutique en ligne, telles que votre adresse \u00e9lectronique, votre nom, votre adresse, votre lieu de r\u00e9sidence, votre club actuel ou num\u00e9ro de t\u00e9l\u00e9phone.<\/p>\n<p><em>Pr\u00e9sence sur les r\u00e9seaux sociaux<\/em><br>Les donn\u00e9es que vous remplissez vous-m\u00eame sur les r\u00e9seaux sociaux ou que nous recueillons \u00e0 la suite de vos r\u00e9actions dues \u00e0 votre pr\u00e9sence sur les r\u00e9seaux sociaux sont trait\u00e9es par L\u2019Alsace Esport Arena. Il peut s\u2019agir de donn\u00e9es \u00e0 caract\u00e8re personnel que vous compl\u00e9tez vous-m\u00eame sur la page de contact de la plate-forme en question, telles que votre adresse \u00e9lectronique, nom, adresse, lieu de r\u00e9sidence ou un num\u00e9ro de t\u00e9l\u00e9phone.<br>Quelles sont les bases l\u00e9gal pour le traitement?<\/p>\n<p>Nous ne pouvons traiter vos donn\u00e9es personnelles que s\u2019il existe une base l\u00e9gale. Le traitement sera l\u00e9gal:<br>\u2022&nbsp;&nbsp; &nbsp;Lorsque vous avez donn\u00e9 votre permission pour cela. Cette permission peut toujours \u00eatre retir\u00e9e ;<br>\u2022&nbsp;&nbsp; &nbsp;Lorsque le traitement est n\u00e9cessaire \u00e0 l\u2019ex\u00e9cution du contrat que vous avez conclu avec L\u2019Alsace Esport Arena ;<br>\u2022&nbsp;&nbsp; &nbsp;Lorsque le traitement est n\u00e9cessaire au respect d\u2019une obligation l\u00e9gale de L\u2019Alsace Esport Arena ;<br>\u2022&nbsp;&nbsp; &nbsp;Lorsque le traitement est n\u00e9cessaire \u00e0 l\u2019accomplissement d\u2019une mission effectu\u00e9e dans l\u2019int\u00e9r\u00eat public ou dans l\u2019exercice de pouvoirs publics ; et<br>\u2022&nbsp;&nbsp; &nbsp;Lorsque le traitement est n\u00e9cessaire aux fins des int\u00e9r\u00eats l\u00e9gitimes poursuivis par L\u2019Alsace Esport Arena.<\/p>\n<p><strong>\u00c0 quelles fins traitons-nous vos donn\u00e9es ?<\/strong><\/p>\n<p><em>Prestations de service<\/em><br>L\u2019Alsace Esport Arena traite vos donn\u00e9es pour pouvoir vous fournir un service adapt\u00e9 \u00e0 vos besoins.<\/p>\n<p><em>Informer<\/em><br>L\u2019Alsace Esport Arena traite vos donn\u00e9es afin de pouvoir vous informer principalement par courriel (ou dans quelques cas par lettre ou par t\u00e9l\u00e9phone). Vous recevez des informations sur votre abonnement auxquelles vous ne pouvez pas vous d\u00e9sabonner. Vous recevez \u00e9galement des informations sur les produits et services de L\u2019Alsace Esport Arena, tels que la confirmation des horaires d\u2019entra\u00eenement, les invitations aux tournois, les offres de stages, de coaching et lors de promotions sp\u00e9ciales. Vous pouvez vous d\u00e9sabonner de ces messages \u00e0 tout moment.<\/p>\n<p><em>Activit\u00e9s de marketing et de vente<\/em><br>Lors de votre inscription, nous vous demandons si vous souhaitez \u00e9galement recevoir des informations sur d\u2019autres types de produits et services de L\u2019Alsace Esport Arena, des produits et services de tiers et si nous pouvons utiliser vos donn\u00e9es pour vous envoyer des informations correspondant \u00e0 votre profil. Si vous indiquez que vous ne souhaitez pas recevoir ces informations, vous ne les recevrez pas. Vous pouvez toujours vous d\u00e9sabonner de ces informations, indiquer et modifier votre choix via le lien appropri\u00e9 ou par l\u2019interm\u00e9diaire du site internet. Pour \u00eatre clair : nous ne vendons pas les donn\u00e9es personnelles de nos membres \u00e0 des tiers pour qu\u2019ils puissent utiliser ces donn\u00e9es pour leurs activit\u00e9s de marketing direct.<\/p>\n<p><em>Analyses et enqu\u00eate (de march\u00e9)<\/em><br>Nous pouvons utiliser vos donn\u00e9es personnelles \u00e0 des fins de recherche et d\u2019analyse, dans le but d\u2019am\u00e9liorer les services de L\u2019Alsace Esport Arena. Nous pouvons \u00e9galement vous proposer de participer \u00e0 une \u00e9tude de client\u00e8le ou de march\u00e9 sans engagement afin d\u2019am\u00e9liorer notre service. Dans ce cas, vous d\u00e9cidez vous-m\u00eame si vous souhaitez y participer ou non en donnant votre consentement.<\/p>\n<p><em>Rapports<\/em><br>L\u2019Alsace Esport Arena traite les donn\u00e9es des membres pour r\u00e9aliser des analyses statistiques et \u00e9tablir des rapports de gestion. Sur la base de ces analyses et rapports, des d\u00e9cisions sont prises, les produits et services sont \u00e9valu\u00e9s et l\u2019efficacit\u00e9 des campagnes est examin\u00e9e. Les donn\u00e9es des membres sont utilis\u00e9es \u00e0 cette fin \u00e0 un niveau agr\u00e9g\u00e9. Agr\u00e9g\u00e9, signifie que les donn\u00e9es ne contiennent pas d\u2019informations sur les membres individuels, mais seulement des informations sur certains groupes en fonction de l\u2019utilisation, de l\u2019\u00e2ge ou des nouveaux membres.<\/p>\n<p><em>Contacts avec le membre<\/em><br>Si vous nous contactez ou si nous vous contactons par t\u00e9l\u00e9phone, courrier \u00e9lectronique, r\u00e9seaux sociaux, chat ou tout autre moyen, vos informations seront enregistr\u00e9es. Les collaborateurs de L\u2019Alsace Esport Arena peuvent voir ult\u00e9rieurement qu\u2019il y a eu un contact pr\u00e9alable avec vous et sur quel sujet. Nous pouvons ainsi vous aider plus rapidement et d\u2019une meilleure mani\u00e8re. Songez, par exemple, aux questions sur les prestations de service, les plaintes, les factures et les paiements, si vous participez \u00e0 des \u00e9tudes de march\u00e9 et \u00e0 des conversations commerciales.<\/p>\n<p><em>&nbsp;<\/em><\/p>\n<p><em>Obligations l\u00e9gales<\/em><\/p>\n<p>L\u2019Alsace Esport Arena peut \u00eatre tenue par la loi ou la r\u00e9glementation de traiter vos donn\u00e9es \u00e0 caract\u00e8re personnel et\/ou de les fournir \u00e0 des tiers. Par exemple, lorsqu\u2019une autorit\u00e9 comp\u00e9tente telle que la police en fait la demande dans le cadre d\u2019une enqu\u00eate criminelle.<\/p>\n<p><em>Autres objectifs<\/em><br>Si L\u2019Alsace Esport Arena souhaite utiliser des donn\u00e9es personnelles dans un autre contexte que celui d\u00e9crit pr\u00e9c\u00e9demment, il vous sera demand\u00e9 votre permission.<\/p>\n<p><em>Utilisons- nous des cookies ?<\/em><br>L\u2019Alsace Esport Arena utilise des cookies lorsqu\u2019elle offre ses services. Vous pouvez lire ce que sont les cookies, et quels types de cookies L\u2019Alsace Esport Arena utilise dans la D\u00e9claration en mati\u00e8re de cookies de L\u2019Alsace Esport Arena, telle que publi\u00e9e sur notre site www.alsacearena.com.<\/p>\n<p><strong>Comment g\u00e9rons-nous la s\u00e9curit\u00e9 de vos donn\u00e9es ?<\/strong><br>L\u2019Alsace Esport Arena veille \u00e0 prendre les mesures de s\u00e9curit\u00e9 techniques et organisationnelles appropri\u00e9es pour prot\u00e9ger vos donn\u00e9es \u00e0 caract\u00e8re personnel contre, entre autres, la perte, la destruction ou l\u2019endommagement, l\u2019acc\u00e8s non autoris\u00e9 ou toute autre forme de traitement illicite de vos donn\u00e9es personnelles. Nous le faisons, entre autres, en prenant des mesures physiques et organisationnelles de s\u00e9curit\u00e9 d\u2019acc\u00e8s, en prot\u00e9geant chaque poste de travail avec un nom d\u2019utilisateur, un mot de passe et une gestion des autorisations, afin que vos donn\u00e9es ne puissent pas \u00eatre consult\u00e9es par tous les collaborateurs de L\u2019Alsace Esport Arena. Mais la mise \u00e0 jour des logiciels et les tests r\u00e9guliers de nos mesures de s\u00e9curit\u00e9 en font \u00e9galement partie.<\/p>\n<p><strong>Combien de temps conservons-nous vos donn\u00e9es ?<\/strong><br>Nous conservons vos donn\u00e9es dans la mesure o\u00f9 cela est n\u00e9cessaire \u00e0 la r\u00e9alisation des finalit\u00e9s pour lesquelles nous les traitons et pour une dur\u00e9e n\u2019exc\u00e9dant pas celle autoris\u00e9e par la loi. Le d\u00e9lai de conservation final diff\u00e8re par type de donn\u00e9es personnelles. Si vous \u00eates membre, nous conserverons en tout cas vos donn\u00e9es pendant toute la dur\u00e9e de votre affiliation. Apr\u00e8s l\u2019expiration de la p\u00e9riode de conservation, vos donn\u00e9es personnelles seront anonymis\u00e9es ou effac\u00e9es.<\/p>\n<p><strong>Est-ce que nous utilisons les services de tiers pour le traitement des donn\u00e9es ?<\/strong><br>L\u2019Alsace Esport Arena utilise les services de tierces parties. Cela ne se produit qu\u2019apr\u00e8s un contr\u00f4le de s\u00e9curit\u00e9 et de protection de la vie priv\u00e9e et apr\u00e8s que l\u2019entreprise ait sign\u00e9 un accord concernant l\u2019utilisation et la protection des donn\u00e9es \u00e0 caract\u00e8re personnel. Les activit\u00e9s dans lesquelles des tierces parties sont impliqu\u00e9es sont: l\u2019offre de cours d\u2019introduction, le marketing (en ligne), les \u00e9tudes de march\u00e9, la collecte, la publicit\u00e9 et l\u2019analyse de l\u2019efficacit\u00e9 des annonces, l\u2019analyse Internet et les services d\u2019applications\/SaaS utilis\u00e9s dans le contexte du recrutement et de la s\u00e9lection, l\u2019administration des membres, le service Clients et le marketing, les applications mobiles, les contacts t\u00e9l\u00e9phoniques et les services bancaires.<\/p>\n<p><strong>Est-ce que nous fournissons des donn\u00e9es \u00e0 des tiers ?<\/strong><br>En principe, L\u2019Alsace Esport Arena ne fournit ou ne vend pas de donn\u00e9es \u00e0 des tiers. L\u2019Alsace Esport Arena peut toutefois \u00eatre tenue par la loi ou la r\u00e9glementation de traiter vos donn\u00e9es \u00e0 caract\u00e8re personnel et\/ou de les fournir \u00e0 des tiers. Par exemple, lorsqu\u2019une autorit\u00e9 comp\u00e9tente telle que la police en fait la demande dans le cadre d\u2019une enqu\u00eate p\u00e9nale.<\/p>\n<p><strong>Comment pouvez-vous influencer le traitement de vos donn\u00e9es personnelles ?<\/strong><br>Un certain nombre de droits des parties concern\u00e9es sont d\u00e9finis dans le RGPD. Toute personne a le droit d\u2019acc\u00e9der \u00e0 ses donn\u00e9es personnelles, de les faire effacer, de demander une limitation du traitement, de les faire transf\u00e9rer et de s\u2019opposer au traitement de ses donn\u00e9es \u00e0 caract\u00e8re personnel. Voici une br\u00e8ve explication des diff\u00e9rents droits.<\/p>\n<p><em>Acc\u00e8s aux donn\u00e9es<\/em><br>Vous avez le droit de consulter vos donn\u00e9es personnelles et d\u2019en recevoir une copie.<\/p>\n<p><em>Rectification des donn\u00e9es<\/em><br>Vous avez le droit de faire rectifier vos donn\u00e9es \u00e0 caract\u00e8re personnel si elles sont incorrectes, et de les faire compl\u00e9ter si elles sont incompl\u00e8tes.<\/p>\n<p><em>Effacement des donn\u00e9es<\/em><br>Vous pouvez demander que vos informations personnelles soient supprim\u00e9es et cela sera respect\u00e9 dans les cas suivants : parce que les donn\u00e9es ne sont plus n\u00e9cessaires aux fins pour lesquelles elles ont \u00e9t\u00e9 collect\u00e9es ou trait\u00e9es, parce que vous avez retir\u00e9 votre consentement, parce que vous vous \u00eates oppos\u00e9 avec succ\u00e8s au traitement, parce que les donn\u00e9es personnelles ont \u00e9t\u00e9 trait\u00e9es ill\u00e9galement ou pour satisfaire \u00e0 une obligation l\u00e9gale.<\/p>\n<p><em>Limitation du traitement<\/em><br>Vous avez le droit de demander et d\u2019obtenir la limitation d\u2019un traitement dans un certain nombre de cas sp\u00e9cifiques: pendant la p\u00e9riode de contestation de l\u2019exactitude des donn\u00e9es personnelles et de leur v\u00e9rification, si le traitement s\u2019est av\u00e9r\u00e9 ill\u00e9gal, mais que vous ne voulez pas que les donn\u00e9es soient supprim\u00e9es, si L\u2019Alsace Esport Arena n\u2019a plus besoin des donn\u00e9es, mais que vous avez toujours besoin des donn\u00e9es pour une action en justice; et<br>si vous vous \u00eates &nbsp;oppos\u00e9 au traitement et attendez toujours la r\u00e9ponse \u00e0 l\u2019objection.<\/p>\n<p>Pour ainsi dire, vous demandez le blocage temporaire de ces donn\u00e9es afin d\u2019en limiter le traitement \u00e0 l\u2019avenir.<\/p>\n<p><em>Portabilit\u00e9 des donn\u00e9es<\/em><br>Vous avez le droit de faire transf\u00e9rer vos donn\u00e9es. Cela vous permet de demander et de recevoir une copie de vos donn\u00e9es personnelles qui peuvent \u00eatre utilis\u00e9es, par exemple, par un autre fournisseur de services. Les donn\u00e9es seront fournies sous une forme structur\u00e9e, usuelle et lisible par machine. Pensez \u00e0 un fichier Excel, \u00e0 un fichier CSV ou \u00e0 des fichiers qui seront t\u00e9l\u00e9chargeables. Ce droit ne s\u2019applique que si le traitement des donn\u00e9es est fond\u00e9 sur un consentement ou un contrat et si le traitement est effectu\u00e9 au moyen de proc\u00e9dures automatis\u00e9es.<\/p>\n<p><em>Opposition au traitement<\/em><br>Vous avez toujours le droit de vous opposer pour des raisons li\u00e9es \u00e0 votre situation sp\u00e9cifique: au traitement de vos donn\u00e9es personnelles sur la base d\u2019une t\u00e2che d\u2019int\u00e9r\u00eat g\u00e9n\u00e9ral ou d\u2019une mission de l\u2019autorit\u00e9 publique, si L\u2019Alsace Esport Arena s\u2019est vu confier une telle mission et si le traitement est n\u00e9cessaire \u00e0 la sauvegarde des int\u00e9r\u00eats l\u00e9gitimes de L\u2019Alsace Esport Arena ou d\u2019un tiers, si vos int\u00e9r\u00eats sont plus importants que ceux de L\u2019Alsace Esport Arena.<\/p>\n<p>Lorsque vos donn\u00e9es personnelles sont trait\u00e9es \u00e0 des fins de marketing direct, vous pouvez toujours vous opposer \u00e0 ce traitement ainsi qu\u2019au profilage li\u00e9 au marketing direct.<\/p>\n<p><em>Soumettre une plainte<\/em><br>Vous avez le droit de soumettre une r\u00e9clamation sur la mani\u00e8re dont nous traitons vos donn\u00e9es. Lorsque vous soumettez une r\u00e9clamation, nous pr\u00e9f\u00e9rons la r\u00e9soudre nous-m\u00eame. De plus, vous avez toujours le droit de contacter l\u2019autorit\u00e9 comp\u00e9tente qui supervise la protection des donn\u00e9es \u00e0 caract\u00e8re personnel avec votre r\u00e9clamation.<\/p>\n<p>Si vous souhaitez exercer l\u2019un de vos droits, proc\u00e9dez comme suit :<br>Vous pouvez envoyer votre demande via l\u2019email de contact contact@alsacearena.com.<\/p>\n<p>Veuillez toujours indiquer dans votre demande de quelle type de demande il s\u2019agit : \u00ab demande d\u2019acc\u00e8s \u00bb, \u00ab demande de rectification \u00bb, etc., et indiquez vos nom, adresse et num\u00e9ro de t\u00e9l\u00e9phone.<\/p>\n<p>A des fins de v\u00e9rification, nous vous enverrons un courriel \u00e0 l\u2019adresse \u00e9lectronique fournie \u00e0 L\u2019Alsace Esport Arena, vous invitant \u00e0 confirmer votre demande.<\/p>\n<p>Vous recevrez une r\u00e9ponse au plus tard un mois suivant la r\u00e9ception de la demande.<\/p>\n<p>Si vous avez des questions \u00e0 propos de la pr\u00e9sente d\u00e9claration de confidentialit\u00e9 et \u00e0 propos de la politique de L\u2019Alsace Esport Arena, vous pouvez vous adresser \u00e0 contact@alsacearena.com<\/p>\n<p><\/p>\t\t\t\t\t\t\t\t<\/div>\n\t\t\t\t\t<\/div>\n\t\t\t\t<\/div>\n\t\t\t\t<\/div>","protected":false},"excerpt":{"rendered":"<p>Hoplan.gg et HopLan sont des marques associ\u00e9es et g\u00e9r\u00e9es par la soci\u00e9t\u00e9 suivante&nbsp;: Alsace Esport Arena9 rue la fayette 67100 Strasbourg SARL au capital de 5000\u20ac RCS STRASBOURG : 833837073 SIRET : 878 868 850 00024 APE : 9329Z Responsable de la publication du site: NAEGELEN Quentin, Elio BAUMANN &nbsp;La pr\u00e9sente constitue la d\u00e9claration de [&hellip;]<\/p>\n","protected":false},"author":1,"featured_media":0,"parent":0,"menu_order":0,"comment_status":"closed","ping_status":"closed","template":"","meta":{"footnotes":""},"class_list":["post-3","page","type-page","status-publish","hentry"],"jetpack_sharing_enabled":true,"_links":{"self":[{"href":"https:\/\/hoplan.gg\/en\/wp-json\/wp\/v2\/pages\/3","targetHints":{"allow":["GET"]}}],"collection":[{"href":"https:\/\/hoplan.gg\/en\/wp-json\/wp\/v2\/pages"}],"about":[{"href":"https:\/\/hoplan.gg\/en\/wp-json\/wp\/v2\/types\/page"}],"author":[{"embeddable":true,"href":"https:\/\/hoplan.gg\/en\/wp-json\/wp\/v2\/users\/1"}],"replies":[{"embeddable":true,"href":"https:\/\/hoplan.gg\/en\/wp-json\/wp\/v2\/comments?post=3"}],"version-history":[{"count":12,"href":"https:\/\/hoplan.gg\/en\/wp-json\/wp\/v2\/pages\/3\/revisions"}],"predecessor-version":[{"id":750,"href":"https:\/\/hoplan.gg\/en\/wp-json\/wp\/v2\/pages\/3\/revisions\/750"}],"wp:attachment":[{"href":"https:\/\/hoplan.gg\/en\/wp-json\/wp\/v2\/media?parent=3"}],"curies":[{"name":"wp","href":"https:\/\/api.w.org\/{rel}","templated":true}]}}