{"id":155,"date":"2026-01-20T19:01:04","date_gmt":"2026-01-20T18:01:04","guid":{"rendered":"https:\/\/hoplan.gg\/?page_id=155"},"modified":"2026-02-11T15:17:19","modified_gmt":"2026-02-11T14:17:19","slug":"qualifierfc26","status":"publish","type":"page","link":"https:\/\/hoplan.gg\/en\/qualifierfc26\/","title":{"rendered":"Qualifer FC26"},"content":{"rendered":"\t\t<div data-elementor-type=\"wp-page\" data-elementor-id=\"155\" class=\"elementor elementor-155\">\n\t\t\t\t<div class=\"elementor-element elementor-element-a5dd9ac e-con-full e-flex e-con e-parent\" data-id=\"a5dd9ac\" data-element_type=\"container\">\n\t\t\t\t<div class=\"elementor-element elementor-element-069a264 elementor-widget__width-inherit elementor-widget elementor-widget-shortcode\" data-id=\"069a264\" data-element_type=\"widget\" data-widget_type=\"shortcode.default\">\n\t\t\t\t\t\t\t<div class=\"elementor-shortcode\"><div id=\"playin-react-app\"><\/div><\/div>\n\t\t\t\t\t\t<\/div>\n\t\t\t\t<\/div>\n\t\t<div class=\"elementor-element elementor-element-8fe3dfe e-flex e-con-boxed e-con e-parent\" data-id=\"8fe3dfe\" data-element_type=\"container\">\n\t\t\t\t\t<div class=\"e-con-inner\">\n\t\t\t\t<div class=\"elementor-element elementor-element-c7656ef elementor-widget elementor-widget-html\" data-id=\"c7656ef\" data-element_type=\"widget\" data-widget_type=\"html.default\">\n\t\t\t\t\t<script src=\"https:\/\/unpkg.com\/lenis@1.1.13\/dist\/lenis.min.js\"><\/script> \r\n<style>\r\n    \/* CSS OBLIGATOIRE POUR LENIS *\/\r\n    html.lenis, html.lenis body {\r\n      height: auto;\r\n    }\r\n    \r\n    .lenis.lenis-smooth {\r\n      scroll-behavior: auto !important; \/* On laisse Lenis g\u00e9rer, on d\u00e9sactive le natif *\/\r\n    }\r\n    \r\n    .lenis.lenis-smooth [data-lenis-prevent] {\r\n      overscroll-behavior: contain;\r\n    }\r\n    \r\n    .lenis.lenis-stopped {\r\n      overflow: hidden;\r\n    }\r\n    \r\n    .lenis.lenis-scrolling iframe {\r\n      pointer-events: none; \/* Am\u00e9liore la perf quand on scroll sur des iframes *\/\r\n    }\r\n<\/style>\r\n\r\n<script>\r\n    \/\/ INITIALISATION DU SCROLL FLUIDE\r\n    const lenis = new Lenis({\r\n        duration: 1.2,    \/\/ Dur\u00e9e du glissement (plus c'est haut, plus c'est lent)\r\n        easing: (t) => Math.min(1, 1.001 - Math.pow(2, -10 * t)), \/\/ La courbe math\u00e9matique de fluidit\u00e9\r\n        direction: 'vertical',\r\n        gestureDirection: 'vertical',\r\n        smooth: true,\r\n        mouseMultiplier: 1, \/\/ Sensibilit\u00e9 de la souris\r\n        smoothTouch: false, \/\/ On d\u00e9sactive souvent sur mobile car le tactile natif est d\u00e9j\u00e0 bien\r\n        touchMultiplier: 2,\r\n    });\r\n\r\n    \/\/ Synchronisation avec l'horloge du navigateur\r\n    function raf(time) {\r\n        lenis.raf(time);\r\n        requestAnimationFrame(raf);\r\n    }\r\n\r\n    requestAnimationFrame(raf);\r\n\r\n    \/\/ CORRECTION POUR LES ANCRES ELEMENTOR (Menu)\r\n    \/\/ Ce bout de code permet aux liens #tournois de fonctionner avec Lenis\r\n    document.querySelectorAll('a[href^=\"#\"]').forEach(anchor => {\r\n        anchor.addEventListener('click', function (e) {\r\n            e.preventDefault();\r\n            lenis.scrollTo(this.getAttribute('href'));\r\n        });\r\n    });\r\n<\/script>\t\t\t\t<\/div>\n\t\t\t\t\t<\/div>\n\t\t\t\t<\/div>\n\t\t\t\t<\/div>\n\t\t","protected":false},"excerpt":{"rendered":"","protected":false},"author":1,"featured_media":0,"parent":0,"menu_order":0,"comment_status":"closed","ping_status":"closed","template":"elementor_canvas","meta":{"footnotes":""},"class_list":["post-155","page","type-page","status-publish","hentry"],"jetpack_sharing_enabled":true,"_links":{"self":[{"href":"https:\/\/hoplan.gg\/en\/wp-json\/wp\/v2\/pages\/155","targetHints":{"allow":["GET"]}}],"collection":[{"href":"https:\/\/hoplan.gg\/en\/wp-json\/wp\/v2\/pages"}],"about":[{"href":"https:\/\/hoplan.gg\/en\/wp-json\/wp\/v2\/types\/page"}],"author":[{"embeddable":true,"href":"https:\/\/hoplan.gg\/en\/wp-json\/wp\/v2\/users\/1"}],"replies":[{"embeddable":true,"href":"https:\/\/hoplan.gg\/en\/wp-json\/wp\/v2\/comments?post=155"}],"version-history":[{"count":26,"href":"https:\/\/hoplan.gg\/en\/wp-json\/wp\/v2\/pages\/155\/revisions"}],"predecessor-version":[{"id":426,"href":"https:\/\/hoplan.gg\/en\/wp-json\/wp\/v2\/pages\/155\/revisions\/426"}],"wp:attachment":[{"href":"https:\/\/hoplan.gg\/en\/wp-json\/wp\/v2\/media?parent=155"}],"curies":[{"name":"wp","href":"https:\/\/api.w.org\/{rel}","templated":true}]}}